{"id":120,"date":"2013-07-21T11:22:38","date_gmt":"2013-07-21T10:22:38","guid":{"rendered":"http:\/\/flash-pizzas.ch\/?page_id=120"},"modified":"2018-06-11T21:39:54","modified_gmt":"2018-06-11T20:39:54","slug":"horaires","status":"publish","type":"page","link":"https:\/\/flash-pizzas.ch\/?page_id=120","title":{"rendered":"Horaires"},"content":{"rendered":"<h3>Ouvert 7 jours sur 7<\/h3>\n<div>\n<p><span style=\"color: #ff0000;\"><strong><br \/>\n<\/strong>Lundi au jeudi 10h30 \u00e0 14h00 et 17h00 \u00e0 23h00<\/span><br \/>\n<span style=\"color: #ff0000;\"> Vendredi au Samedi 10h30 \u00e014h00 et 17h00 \u00e0 23h30<br \/>\nDimanche \u00a010h30 \u00e0 14h00 et 17h00 \u00e0 23h00<br \/>\n<\/span><\/p>\n<p>&lt;&lt;&lt; Sur place et l&#8217;emporter Non-Stop &gt;&gt;&gt;<\/p>\n<\/div>\n","protected":false},"excerpt":{"rendered":"<p>Ouvert 7 jours sur 7 Lundi au jeudi 10h30 \u00e0 14h00 et 17h00 \u00e0 23h00 Vendredi au Samedi 10h30 \u00e014h00 et 17h00 \u00e0 23h30 Dimanche \u00a010h30 \u00e0 14h00 et 17h00 \u00e0 23h00 &lt;&lt;&lt; Sur place et l&#8217;emporter Non-Stop &gt;&gt;&gt;<\/p>\n","protected":false},"author":2,"featured_media":0,"parent":0,"menu_order":0,"comment_status":"closed","ping_status":"closed","template":"","meta":[],"_links":{"self":[{"href":"https:\/\/flash-pizzas.ch\/index.php?rest_route=\/wp\/v2\/pages\/120"}],"collection":[{"href":"https:\/\/flash-pizzas.ch\/index.php?rest_route=\/wp\/v2\/pages"}],"about":[{"href":"https:\/\/flash-pizzas.ch\/index.php?rest_route=\/wp\/v2\/types\/page"}],"author":[{"embeddable":true,"href":"https:\/\/flash-pizzas.ch\/index.php?rest_route=\/wp\/v2\/users\/2"}],"replies":[{"embeddable":true,"href":"https:\/\/flash-pizzas.ch\/index.php?rest_route=%2Fwp%2Fv2%2Fcomments&post=120"}],"version-history":[{"count":8,"href":"https:\/\/flash-pizzas.ch\/index.php?rest_route=\/wp\/v2\/pages\/120\/revisions"}],"predecessor-version":[{"id":502,"href":"https:\/\/flash-pizzas.ch\/index.php?rest_route=\/wp\/v2\/pages\/120\/revisions\/502"}],"wp:attachment":[{"href":"https:\/\/flash-pizzas.ch\/index.php?rest_route=%2Fwp%2Fv2%2Fmedia&parent=120"}],"curies":[{"name":"wp","href":"https:\/\/api.w.org\/{rel}","templated":true}]}}